{"id":356,"date":"2015-04-23T12:57:21","date_gmt":"2015-04-23T12:57:21","guid":{"rendered":"http:\/\/demo1.wprentals.org\/?page_id=356"},"modified":"2023-02-07T20:57:21","modified_gmt":"2023-02-07T20:57:21","slug":"terms-and-conditions","status":"publish","type":"page","link":"https:\/\/quintadelouou.mabedesign.eu\/pt\/terms-and-conditions\/","title":{"rendered":"Termos e Condi\u00e7\u00f5es"},"content":{"rendered":"<div data-elementor-type=\"wp-page\" data-elementor-id=\"356\" class=\"elementor elementor-356\">\n\t\t\t\t\t\t<section class=\"elementor-section elementor-top-section elementor-element elementor-element-3cbf4789 elementor-section-boxed elementor-section-height-default elementor-section-height-default\" data-id=\"3cbf4789\" data-element_type=\"section\">\n\t\t\t\t\t\t<div class=\"elementor-container elementor-column-gap-default\">\n\t\t\t\t\t<div class=\"elementor-column elementor-col-100 elementor-top-column elementor-element elementor-element-544339a0\" data-id=\"544339a0\" data-element_type=\"column\">\n\t\t\t<div class=\"elementor-widget-wrap elementor-element-populated\">\n\t\t\t\t\t\t<div class=\"elementor-element elementor-element-182d4745 elementor-widget elementor-widget-text-editor\" data-id=\"182d4745\" data-element_type=\"widget\" data-widget_type=\"text-editor.default\">\n\t\t\t\t<div class=\"elementor-widget-container\">\n\t\t\t<style>\/*! elementor - v3.21.0 - 26-05-2024 *\/\n.elementor-widget-text-editor.elementor-drop-cap-view-stacked .elementor-drop-cap{background-color:#69727d;color:#fff}.elementor-widget-text-editor.elementor-drop-cap-view-framed .elementor-drop-cap{color:#69727d;border:3px solid;background-color:transparent}.elementor-widget-text-editor:not(.elementor-drop-cap-view-default) .elementor-drop-cap{margin-top:8px}.elementor-widget-text-editor:not(.elementor-drop-cap-view-default) .elementor-drop-cap-letter{width:1em;height:1em}.elementor-widget-text-editor .elementor-drop-cap{float:left;text-align:center;line-height:1;font-size:50px}.elementor-widget-text-editor .elementor-drop-cap-letter{display:inline-block}<\/style>\t\t\t\t<p><b>Informa\u00e7\u00e3o pessoal de identifica\u00e7\u00e3o<\/b><\/p><p>Podemos recolher informa\u00e7\u00f5es de identifica\u00e7\u00e3o pessoal dos Utilizadores de diversas formas relacionadas com actividades, servi\u00e7os, caracter\u00edsticas ou recursos que disponibilizamos no nosso S\u00edtio. Os Utilizadores podem visitar o nosso S\u00edtio de forma an\u00f3nima. S\u00f3 recolheremos informa\u00e7\u00f5es de identifica\u00e7\u00e3o pessoal dos Utilizadores se estes nos submeterem voluntariamente tais informa\u00e7\u00f5es. Os Utilizadores podem sempre recusar-se a fornecer informa\u00e7\u00f5es de identifica\u00e7\u00e3o pessoal, excepto que tal poder\u00e1 impedi-los de se envolverem em determinadas actividades relacionadas com o S\u00edtio.<\/p><p><b>Informa\u00e7\u00e3o de identifica\u00e7\u00e3o n\u00e3o pessoal<\/b><\/p><p>Podemos recolher informa\u00e7\u00f5es n\u00e3o pessoais de identifica\u00e7\u00e3o dos Utilizadores sempre que estes interajam com o nosso S\u00edtio. As informa\u00e7\u00f5es de identifica\u00e7\u00e3o n\u00e3o-pessoais podem incluir o nome do navegador, o tipo de computador e informa\u00e7\u00f5es t\u00e9cnicas sobre os meios de liga\u00e7\u00e3o dos Utilizadores ao nosso S\u00edtio, tais como o sistema operativo e os fornecedores de servi\u00e7os da Internet utilizados e outras informa\u00e7\u00f5es semelhantes.<\/p><p><b>Cookies de navega\u00e7\u00e3o na Web<\/b><\/p><p>O nosso S\u00edtio pode utilizar \"cookies\" para melhorar a experi\u00eancia do Utilizador. O navegador da web do utilizador coloca cookies no seu disco r\u00edgido para fins de manuten\u00e7\u00e3o de registos e, por vezes, para rastrear informa\u00e7\u00f5es sobre eles. O Utilizador pode optar por configurar o seu navegador da web para recusar cookies, ou para o alertar quando os cookies estiverem a ser enviados. Se o fizerem, notar que algumas partes do S\u00edtio podem n\u00e3o funcionar correctamente.<\/p><p><b>Como protegemos a sua informa\u00e7\u00e3o<\/b><\/p><p>Adoptamos pr\u00e1ticas adequadas de recolha, armazenamento e processamento de dados e medidas de seguran\u00e7a para proteger contra acesso n\u00e3o autorizado, altera\u00e7\u00e3o, divulga\u00e7\u00e3o ou destrui\u00e7\u00e3o das suas informa\u00e7\u00f5es pessoais, nome de utilizador, palavra-passe, informa\u00e7\u00f5es sobre transac\u00e7\u00f5es e dados armazenados no nosso S\u00edtio.<\/p><p><b>Partilhar a sua informa\u00e7\u00e3o pessoal<\/b><\/p><p>N\u00e3o vendemos, trocamos ou alugamos informa\u00e7\u00f5es de identifica\u00e7\u00e3o pessoal dos utilizadores a terceiros. Podemos partilhar informa\u00e7\u00e3o demogr\u00e1fica gen\u00e9rica agregada n\u00e3o ligada a qualquer informa\u00e7\u00e3o de identifica\u00e7\u00e3o pessoal relativa a visitantes e utilizadores com os nossos parceiros comerciais, afiliados de confian\u00e7a e anunciantes para os fins descritos acima.<\/p><p><b>Altera\u00e7\u00f5es a esta pol\u00edtica de privacidade<\/b><\/p><p>Real Estate WordPress Theme tem a discri\u00e7\u00e3o para actualizar esta pol\u00edtica de privacidade em qualquer altura. Quando o fizermos, iremos rever a data actualizada no final desta p\u00e1gina. Encorajamos os Utilizadores a verificar frequentemente nesta p\u00e1gina quaisquer altera\u00e7\u00f5es para se manterem informados sobre como estamos a ajudar a proteger as informa\u00e7\u00f5es pessoais que recolhemos. O utilizador reconhece e concorda que \u00e9 da sua responsabilidade rever periodicamente esta pol\u00edtica de privacidade e tomar conhecimento das modifica\u00e7\u00f5es.<\/p><p><b>A sua aceita\u00e7\u00e3o destes termos<\/b><\/p><p>Ao utilizar este S\u00edtio, significa a sua aceita\u00e7\u00e3o desta pol\u00edtica. Se n\u00e3o concordar com esta pol\u00edtica, por favor n\u00e3o utilize o nosso S\u00edtio. O uso continuado do S\u00edtio ap\u00f3s a publica\u00e7\u00e3o de altera\u00e7\u00f5es a esta pol\u00edtica ser\u00e1 considerado como a sua aceita\u00e7\u00e3o das referidas altera\u00e7\u00f5es.<\/p>\t\t\t\t\t\t<\/div>\n\t\t\t\t<\/div>\n\t\t\t\t\t<\/div>\n\t\t<\/div>\n\t\t\t\t\t<\/div>\n\t\t<\/section>\n\t\t\t\t<\/div>","protected":false},"excerpt":{"rendered":"<p>Personal identification information We may collect personal identification information from Users in a variety of ways in connection with activities, services, features or resources we make available on our Site.. Users may visit our Site anonymously. We will collect personal identification information from Users only if they voluntarily submit such information to us. Users can &#8230;<\/p>","protected":false},"author":1,"featured_media":0,"parent":0,"menu_order":0,"comment_status":"closed","ping_status":"closed","template":"elementor_header_footer","meta":{"footnotes":""},"aioseo_notices":[],"_links":{"self":[{"href":"https:\/\/quintadelouou.mabedesign.eu\/pt\/wp-json\/wp\/v2\/pages\/356"}],"collection":[{"href":"https:\/\/quintadelouou.mabedesign.eu\/pt\/wp-json\/wp\/v2\/pages"}],"about":[{"href":"https:\/\/quintadelouou.mabedesign.eu\/pt\/wp-json\/wp\/v2\/types\/page"}],"author":[{"embeddable":true,"href":"https:\/\/quintadelouou.mabedesign.eu\/pt\/wp-json\/wp\/v2\/users\/1"}],"replies":[{"embeddable":true,"href":"https:\/\/quintadelouou.mabedesign.eu\/pt\/wp-json\/wp\/v2\/comments?post=356"}],"version-history":[{"count":14,"href":"https:\/\/quintadelouou.mabedesign.eu\/pt\/wp-json\/wp\/v2\/pages\/356\/revisions"}],"predecessor-version":[{"id":39157,"href":"https:\/\/quintadelouou.mabedesign.eu\/pt\/wp-json\/wp\/v2\/pages\/356\/revisions\/39157"}],"wp:attachment":[{"href":"https:\/\/quintadelouou.mabedesign.eu\/pt\/wp-json\/wp\/v2\/media?parent=356"}],"curies":[{"name":"wp","href":"https:\/\/api.w.org\/{rel}","templated":true}]}}