{"id":37023,"date":"2022-11-09T21:49:59","date_gmt":"2022-11-09T21:49:59","guid":{"rendered":"https:\/\/rentals.luou.pt\/?page_id=37023"},"modified":"2023-04-16T11:57:05","modified_gmt":"2023-04-16T11:57:05","slug":"rural-tourism","status":"publish","type":"page","link":"https:\/\/quintadelouou.mabedesign.eu\/pt\/rural-tourism\/","title":{"rendered":"Turismo Rural"},"content":{"rendered":"<div data-elementor-type=\"wp-page\" data-elementor-id=\"37023\" class=\"elementor elementor-37023\">\n\t\t\t\t\t\t<section class=\"elementor-section elementor-top-section elementor-element elementor-element-95c0181 elementor-section-full_width elementor-section-height-default elementor-section-height-default\" data-id=\"95c0181\" data-element_type=\"section\">\n\t\t\t\t\t\t<div class=\"elementor-container elementor-column-gap-no\">\n\t\t\t\t\t<div class=\"elementor-column elementor-col-66 elementor-top-column elementor-element elementor-element-803943e\" data-id=\"803943e\" data-element_type=\"column\" data-settings=\"{&quot;background_background&quot;:&quot;classic&quot;}\">\n\t\t\t<div class=\"elementor-widget-wrap elementor-element-populated\">\n\t\t\t\t\t\t\t<\/div>\n\t\t<\/div>\n\t\t\t\t<div class=\"elementor-column elementor-col-33 elementor-top-column elementor-element elementor-element-816d878\" data-id=\"816d878\" data-element_type=\"column\">\n\t\t\t<div class=\"elementor-widget-wrap elementor-element-populated\">\n\t\t\t\t\t\t<div class=\"elementor-element elementor-element-ef0726b elementor-widget elementor-widget-heading\" data-id=\"ef0726b\" data-element_type=\"widget\" data-widget_type=\"heading.default\">\n\t\t\t\t<div class=\"elementor-widget-container\">\n\t\t\t<style>\/*! elementor - v3.21.0 - 26-05-2024 *\/\n.elementor-heading-title{padding:0;margin:0;line-height:1}.elementor-widget-heading .elementor-heading-title[class*=elementor-size-]>a{color:inherit;font-size:inherit;line-height:inherit}.elementor-widget-heading .elementor-heading-title.elementor-size-small{font-size:15px}.elementor-widget-heading .elementor-heading-title.elementor-size-medium{font-size:19px}.elementor-widget-heading .elementor-heading-title.elementor-size-large{font-size:29px}.elementor-widget-heading .elementor-heading-title.elementor-size-xl{font-size:39px}.elementor-widget-heading .elementor-heading-title.elementor-size-xxl{font-size:59px}<\/style><h2 class=\"elementor-heading-title elementor-size-default\">Turismo Rural<\/h2>\t\t<\/div>\n\t\t\t\t<\/div>\n\t\t\t\t<div class=\"elementor-element elementor-element-48c569a elementor-widget elementor-widget-text-editor\" data-id=\"48c569a\" data-element_type=\"widget\" data-widget_type=\"text-editor.default\">\n\t\t\t\t<div class=\"elementor-widget-container\">\n\t\t\t<style>\/*! elementor - v3.21.0 - 26-05-2024 *\/\n.elementor-widget-text-editor.elementor-drop-cap-view-stacked .elementor-drop-cap{background-color:#69727d;color:#fff}.elementor-widget-text-editor.elementor-drop-cap-view-framed .elementor-drop-cap{color:#69727d;border:3px solid;background-color:transparent}.elementor-widget-text-editor:not(.elementor-drop-cap-view-default) .elementor-drop-cap{margin-top:8px}.elementor-widget-text-editor:not(.elementor-drop-cap-view-default) .elementor-drop-cap-letter{width:1em;height:1em}.elementor-widget-text-editor .elementor-drop-cap{float:left;text-align:center;line-height:1;font-size:50px}.elementor-widget-text-editor .elementor-drop-cap-letter{display:inline-block}<\/style>\t\t\t\t<p>A Quinta de Luou est\u00e1 situada a 6 km da sa\u00edda da auto-estrada A3 (Porto-Vigo), a 30\/40 minutos das praias de Cabedelo, Afife, Moledo e \u00c2ncora (45\/55 km em vias r\u00e1pidas), e \u00e0 mesma dist\u00e2ncia de Ponte de Lima e Ponte da Barca (8 Kms), onde existem todos os servi\u00e7os de apoio necess\u00e1rios, tais como restaurantes, supermercados, farm\u00e1cias ou hospitais.<\/p><p>A Quinta de Luou est\u00e1 situada no lugar de Luou, Freguesia de Santa Cruz, Concelho de Ponte de Lima, e a ela deve a origem do seu nome. As primeiras refer\u00eancias \u00e0 Quinta datam do s\u00e9culo XVIII e associam-na ao Morgado da Casa do Fund\u00e3o, em Loureira (Vila Verde).<\/p><p>No entanto, j\u00e1 em 1515, no foral de Beiral do Lima, \u00e9 referido \"Fern\u00e3o de Luou\".<\/p><p>Uma das actividades da Quinta \u00e9 o turismo, tendo nos \u00faltimos anos sido recuperadas duas casas:<\/p><p>- a casa principal da quinta (Casa de Luou) e<\/p><p>- uma casa r\u00fastica (Casa do Tanque).<\/p><p>Para al\u00e9m do turismo e da produ\u00e7\u00e3o de vinho, a Quinta de Luou dedica-se \u00e0 explora\u00e7\u00e3o florestal e \u00e0 cria\u00e7\u00e3o de animais.<\/p>\t\t\t\t\t\t<\/div>\n\t\t\t\t<\/div>\n\t\t\t\t\t<\/div>\n\t\t<\/div>\n\t\t\t\t\t<\/div>\n\t\t<\/section>\n\t\t\t\t<section class=\"elementor-section elementor-top-section elementor-element elementor-element-2e30d67 elementor-section-boxed elementor-section-height-default elementor-section-height-default\" data-id=\"2e30d67\" data-element_type=\"section\">\n\t\t\t\t\t\t<div class=\"elementor-container elementor-column-gap-default\">\n\t\t\t\t\t<div class=\"elementor-column elementor-col-100 elementor-top-column elementor-element elementor-element-3f9b429\" data-id=\"3f9b429\" data-element_type=\"column\">\n\t\t\t<div class=\"elementor-widget-wrap elementor-element-populated\">\n\t\t\t\t\t\t<div class=\"elementor-element elementor-element-d2bfdb9 elementor-widget elementor-widget-Wprentals_Featured_Listing\" data-id=\"d2bfdb9\" data-element_type=\"widget\" data-widget_type=\"Wprentals_Featured_Listing.default\">\n\t\t\t\t<div class=\"elementor-widget-container\">\n\t\t\t<div class=\"featured_property\">\n<div class=\"listing_wrapper\" data-org=\"12\" data-listid=\"36768\" >\n    <div class=\"property_listing\" data-link=\"https:\/\/quintadelouou.mabedesign.eu\/pt\/holiday-home\/casa-de-luou-ground-floor\/\">\n        \n\n\n\n            <div class=\"listing-unit-img-wrapper_color\">\n              <div class=\"listing-hover-gradient\"><\/div>\n              <div class=\"listing-unit-img-wrapper\" style=\"background-image:url('https:\/\/quintadelouou.mabedesign.eu\/wp-content\/uploads\/2022\/11\/Quinta-de-Luou-6-1170x921.jpg')\"><\/div>\n            <\/div>\n\n            <div class=\"featured_div\">featured<\/div><div class=\"property_status_wrapper\"><\/div>            <div class=\"category_name\">\n                <div class=\"price_unit\">\n                  from 380 EUR - 9 adults + 2 children<span class=\"pernight\"> \/night<\/span>                <\/div>\n\n                <div class=\"property-rating\"><i class=\"fas fa-star\"><\/i><i class=\"fas fa-star\"><\/i><i class=\"fas fa-star\"><\/i><i class=\"fas fa-star\"><\/i><i class=\"fas fa-star\"><\/i><\/div><a class=\"featured_listing_title\" href=\"https:\/\/quintadelouou.mabedesign.eu\/pt\/holiday-home\/casa-de-luou-ground-floor\/\">Casa de Luou - R\u00e9s do Ch\u00e3o<\/a><div class=\"category_tagline\"><a href=\"https:\/\/quintadelouou.mabedesign.eu\/pt\/area\/santa-cruz-do-lima\/\" rel=\"tag\">Santa Cruz do Lima<\/a>, <a href=\"https:\/\/quintadelouou.mabedesign.eu\/pt\/city\/ponte-de-lima\/\" rel=\"tag\">Ponte de Lima<\/a><\/div>\n          <\/div>\n            <\/div>\n<\/div>\n\n<div class=\"listing_wrapper\" data-org=\"12\" data-listid=\"36596\" >\n    <div class=\"property_listing\" data-link=\"https:\/\/quintadelouou.mabedesign.eu\/pt\/holiday-home\/casa-do-tanque\/\">\n        \n\n\n\n            <div class=\"listing-unit-img-wrapper_color\">\n              <div class=\"listing-hover-gradient\"><\/div>\n              <div class=\"listing-unit-img-wrapper\" style=\"background-image:url('https:\/\/quintadelouou.mabedesign.eu\/wp-content\/uploads\/2022\/10\/Quinta-de-Luou-54-1170x921.jpg')\"><\/div>\n            <\/div>\n\n            <div class=\"featured_div\">featured<\/div><div class=\"property_status_wrapper\"><\/div>            <div class=\"category_name\">\n                <div class=\"price_unit\">\n                  from 230 EUR - 6 persons<span class=\"pernight\"> \/night<\/span>                <\/div>\n\n                <div class=\"property-rating\"><i class=\"fas fa-star\"><\/i><i class=\"fas fa-star\"><\/i><i class=\"fas fa-star\"><\/i><i class=\"fas fa-star\"><\/i><i class=\"fas fa-star\"><\/i><\/div><a class=\"featured_listing_title\" href=\"https:\/\/quintadelouou.mabedesign.eu\/pt\/holiday-home\/casa-do-tanque\/\">Casa do Tanque<\/a><div class=\"category_tagline\"><a href=\"https:\/\/quintadelouou.mabedesign.eu\/pt\/area\/santa-cruz-do-lima\/\" rel=\"tag\">Santa Cruz do Lima<\/a>, <a href=\"https:\/\/quintadelouou.mabedesign.eu\/pt\/city\/ponte-de-lima\/\" rel=\"tag\">Ponte de Lima<\/a><\/div>\n          <\/div>\n            <\/div>\n<\/div>\n\n<div class=\"listing_wrapper\" data-org=\"12\" data-listid=\"149\" >\n    <div class=\"property_listing\" data-link=\"https:\/\/quintadelouou.mabedesign.eu\/pt\/holiday-home\/casa-de-luou-1st-floor\/\">\n        \n\n\n\n            <div class=\"listing-unit-img-wrapper_color\">\n              <div class=\"listing-hover-gradient\"><\/div>\n              <div class=\"listing-unit-img-wrapper\" style=\"background-image:url('https:\/\/quintadelouou.mabedesign.eu\/wp-content\/uploads\/2022\/10\/IMG_4734-1170x921.jpg')\"><\/div>\n            <\/div>\n\n            <div class=\"featured_div\">featured<\/div><div class=\"property_status_wrapper\"><\/div>            <div class=\"category_name\">\n                <div class=\"price_unit\">\n                  a partir de 400 EUROS - 8 pessoas<span class=\"pernight\"> \/night<\/span>                <\/div>\n\n                <div class=\"property-rating\"><i class=\"fas fa-star\"><\/i><i class=\"fas fa-star\"><\/i><i class=\"fas fa-star\"><\/i><i class=\"fas fa-star\"><\/i><i class=\"fas fa-star\"><\/i><\/div><a class=\"featured_listing_title\" href=\"https:\/\/quintadelouou.mabedesign.eu\/pt\/holiday-home\/casa-de-luou-1st-floor\/\">Casa de Luou - 1\u00ba Andar<\/a><div class=\"category_tagline\"><a href=\"https:\/\/quintadelouou.mabedesign.eu\/pt\/area\/santa-cruz-do-lima\/\" rel=\"tag\">Santa Cruz do Lima<\/a>, <a href=\"https:\/\/quintadelouou.mabedesign.eu\/pt\/city\/ponte-de-lima\/\" rel=\"tag\">Ponte de Lima<\/a><\/div>\n          <\/div>\n            <\/div>\n<\/div>\n<\/div>\t\t<\/div>\n\t\t\t\t<\/div>\n\t\t\t\t\t<\/div>\n\t\t<\/div>\n\t\t\t\t\t<\/div>\n\t\t<\/section>\n\t\t\t\t<\/div>","protected":false},"excerpt":{"rendered":"<p>Rural Tourism Quinta de Luou is located 6 km from the exit of the A3 motorway (Porto-Vigo), 30\/40 minutes from the beaches of Cabedelo, Afife, Moledo, and \u00c2ncora (45\/55 km on expressways), and at the same distance from Ponte de Lima and Ponte da Barca (8 Kms), where there are all the necessary support services, &#8230;<\/p>","protected":false},"author":1,"featured_media":0,"parent":0,"menu_order":0,"comment_status":"closed","ping_status":"closed","template":"elementor_theme","meta":{"footnotes":""},"aioseo_notices":[],"_links":{"self":[{"href":"https:\/\/quintadelouou.mabedesign.eu\/pt\/wp-json\/wp\/v2\/pages\/37023"}],"collection":[{"href":"https:\/\/quintadelouou.mabedesign.eu\/pt\/wp-json\/wp\/v2\/pages"}],"about":[{"href":"https:\/\/quintadelouou.mabedesign.eu\/pt\/wp-json\/wp\/v2\/types\/page"}],"author":[{"embeddable":true,"href":"https:\/\/quintadelouou.mabedesign.eu\/pt\/wp-json\/wp\/v2\/users\/1"}],"replies":[{"embeddable":true,"href":"https:\/\/quintadelouou.mabedesign.eu\/pt\/wp-json\/wp\/v2\/comments?post=37023"}],"version-history":[{"count":142,"href":"https:\/\/quintadelouou.mabedesign.eu\/pt\/wp-json\/wp\/v2\/pages\/37023\/revisions"}],"predecessor-version":[{"id":39563,"href":"https:\/\/quintadelouou.mabedesign.eu\/pt\/wp-json\/wp\/v2\/pages\/37023\/revisions\/39563"}],"wp:attachment":[{"href":"https:\/\/quintadelouou.mabedesign.eu\/pt\/wp-json\/wp\/v2\/media?parent=37023"}],"curies":[{"name":"wp","href":"https:\/\/api.w.org\/{rel}","templated":true}]}}