{"id":37160,"date":"2022-11-10T00:42:03","date_gmt":"2022-11-10T00:42:03","guid":{"rendered":"https:\/\/rentals.luou.pt\/?page_id=37160"},"modified":"2024-02-29T15:48:09","modified_gmt":"2024-02-29T15:48:09","slug":"booking-conditions","status":"publish","type":"page","link":"https:\/\/quintadelouou.mabedesign.eu\/pt\/rural-tourism\/booking-conditions\/","title":{"rendered":"Condi\u00e7\u00f5es de Reserva"},"content":{"rendered":"<div data-elementor-type=\"wp-page\" data-elementor-id=\"37160\" class=\"elementor elementor-37160\">\n\t\t\t\t\t\t<section class=\"elementor-section elementor-top-section elementor-element elementor-element-921df69 elementor-section-full_width elementor-section-height-default elementor-section-height-default\" data-id=\"921df69\" data-element_type=\"section\">\n\t\t\t\t\t\t<div class=\"elementor-container elementor-column-gap-default\">\n\t\t\t\t\t<div class=\"elementor-column elementor-col-100 elementor-top-column elementor-element elementor-element-45a3999\" data-id=\"45a3999\" data-element_type=\"column\">\n\t\t\t<div class=\"elementor-widget-wrap elementor-element-populated\">\n\t\t\t\t\t\t<section class=\"elementor-section elementor-inner-section elementor-element elementor-element-65ee218 elementor-section-full_width elementor-section-height-default elementor-section-height-default\" data-id=\"65ee218\" data-element_type=\"section\">\n\t\t\t\t\t\t<div class=\"elementor-container elementor-column-gap-no\">\n\t\t\t\t\t<div class=\"elementor-column elementor-col-50 elementor-inner-column elementor-element elementor-element-df0a7f8\" data-id=\"df0a7f8\" data-element_type=\"column\">\n\t\t\t<div class=\"elementor-widget-wrap elementor-element-populated\">\n\t\t\t\t\t\t<div class=\"elementor-element elementor-element-7dc4772 elementor-widget__width-initial elementor-widget elementor-widget-image\" data-id=\"7dc4772\" data-element_type=\"widget\" data-widget_type=\"image.default\">\n\t\t\t\t<div class=\"elementor-widget-container\">\n\t\t\t<style>\/*! elementor - v3.21.0 - 26-05-2024 *\/\n.elementor-widget-image{text-align:center}.elementor-widget-image a{display:inline-block}.elementor-widget-image a img[src$=\".svg\"]{width:48px}.elementor-widget-image img{vertical-align:middle;display:inline-block}<\/style>\t\t\t\t\t\t\t\t\t\t<img fetchpriority=\"high\" decoding=\"async\" width=\"684\" height=\"1024\" src=\"https:\/\/quintadelouou.mabedesign.eu\/wp-content\/uploads\/2022\/11\/Quinta-de-Luou-2-684x1024.jpg\" class=\"attachment-large size-large wp-image-37696\" alt=\"\" srcset=\"https:\/\/quintadelouou.mabedesign.eu\/wp-content\/uploads\/2022\/11\/Quinta-de-Luou-2-684x1024.jpg 684w, https:\/\/quintadelouou.mabedesign.eu\/wp-content\/uploads\/2022\/11\/Quinta-de-Luou-2-200x300.jpg 200w, https:\/\/quintadelouou.mabedesign.eu\/wp-content\/uploads\/2022\/11\/Quinta-de-Luou-2-768x1151.jpg 768w, https:\/\/quintadelouou.mabedesign.eu\/wp-content\/uploads\/2022\/11\/Quinta-de-Luou-2-1025x1536.jpg 1025w, https:\/\/quintadelouou.mabedesign.eu\/wp-content\/uploads\/2022\/11\/Quinta-de-Luou-2-1367x2048.jpg 1367w, https:\/\/quintadelouou.mabedesign.eu\/wp-content\/uploads\/2022\/11\/Quinta-de-Luou-2-600x899.jpg 600w, https:\/\/quintadelouou.mabedesign.eu\/wp-content\/uploads\/2022\/11\/Quinta-de-Luou-2.jpg 1540w\" sizes=\"(max-width: 684px) 100vw, 684px\" \/>\t\t\t\t\t\t\t\t\t\t\t\t\t<\/div>\n\t\t\t\t<\/div>\n\t\t\t\t\t<\/div>\n\t\t<\/div>\n\t\t\t\t<div class=\"elementor-column elementor-col-50 elementor-inner-column elementor-element elementor-element-dbadef3\" data-id=\"dbadef3\" data-element_type=\"column\">\n\t\t\t<div class=\"elementor-widget-wrap elementor-element-populated\">\n\t\t\t\t\t\t<div class=\"elementor-element elementor-element-b0b9402 elementor-widget elementor-widget-heading\" data-id=\"b0b9402\" data-element_type=\"widget\" data-widget_type=\"heading.default\">\n\t\t\t\t<div class=\"elementor-widget-container\">\n\t\t\t<style>\/*! elementor - v3.21.0 - 26-05-2024 *\/\n.elementor-heading-title{padding:0;margin:0;line-height:1}.elementor-widget-heading .elementor-heading-title[class*=elementor-size-]>a{color:inherit;font-size:inherit;line-height:inherit}.elementor-widget-heading .elementor-heading-title.elementor-size-small{font-size:15px}.elementor-widget-heading .elementor-heading-title.elementor-size-medium{font-size:19px}.elementor-widget-heading .elementor-heading-title.elementor-size-large{font-size:29px}.elementor-widget-heading .elementor-heading-title.elementor-size-xl{font-size:39px}.elementor-widget-heading .elementor-heading-title.elementor-size-xxl{font-size:59px}<\/style><h2 class=\"elementor-heading-title elementor-size-default\">Condi\u00e7\u00f5es de reserva<\/h2>\t\t<\/div>\n\t\t\t\t<\/div>\n\t\t\t\t<div class=\"elementor-element elementor-element-4f2efba elementor-widget__width-initial elementor-widget elementor-widget-text-editor\" data-id=\"4f2efba\" data-element_type=\"widget\" data-widget_type=\"text-editor.default\">\n\t\t\t\t<div class=\"elementor-widget-container\">\n\t\t\t<style>\/*! elementor - v3.21.0 - 26-05-2024 *\/\n.elementor-widget-text-editor.elementor-drop-cap-view-stacked .elementor-drop-cap{background-color:#69727d;color:#fff}.elementor-widget-text-editor.elementor-drop-cap-view-framed .elementor-drop-cap{color:#69727d;border:3px solid;background-color:transparent}.elementor-widget-text-editor:not(.elementor-drop-cap-view-default) .elementor-drop-cap{margin-top:8px}.elementor-widget-text-editor:not(.elementor-drop-cap-view-default) .elementor-drop-cap-letter{width:1em;height:1em}.elementor-widget-text-editor .elementor-drop-cap{float:left;text-align:center;line-height:1;font-size:50px}.elementor-widget-text-editor .elementor-drop-cap-letter{display:inline-block}<\/style>\t\t\t\t<p><span class=\"HwtZe\" lang=\"en\"><span class=\"jCAhz ChMk0b\"><span class=\"ryNqvb\">Note que antes de pagar as reservas para o pr\u00f3prio dia ou para o dia seguinte, deve confirmar a disponibilidade<\/span><\/span><\/span><\/p><p><strong><a href=\"http:\/\/quintadelouou.mabedesign.eu\/wp-content\/uploads\/2024\/02\/Regras-das-Casa-de-Luou.pdf\"><span class=\"HwtZe\" lang=\"en\"><span class=\"jCAhz ChMk0b\"><span class=\"ryNqvb\">Veja em detalhe as regras da casa, descarregue-a aqui.<\/span><\/span><\/span><\/a><\/strong><\/p><p><b>As reservas s\u00f3 s\u00e3o confirmadas com pagamento:<\/b><\/p><p>- 30% como sinal na confirma\u00e7\u00e3o da reserva;<br \/>- 70% restantes, at\u00e9 30 dias antes da data de entrada;<\/p><p>- ao valor indicado, \u00e9 acrescentado o valor da respectiva limpeza final.<\/p><p><b>Servi\u00e7os inclu\u00eddos nos pre\u00e7os da tabela em anexo:<\/b><\/p><p>- uma limpeza semanal e integral da casa, no in\u00edcio da estadia, com uma mudan\u00e7a de roupa,<\/p><p>- limpeza da casa de banho e da cozinha a meio da semana, com a mudan\u00e7a das toalhas de banho,<\/p><p>- limpeza semanal da piscina, em princ\u00edpio no in\u00edcio da estadia.<\/p><p><strong>Servi\u00e7os opcionais n\u00e3o inclu\u00eddos nos pre\u00e7os da tabela em anexo:<\/strong><br \/>- pequeno-almo\u00e7o (12 euros por pessoa e por dia),<br \/><a href=\"http:\/\/quintadelouou.mabedesign.eu\/wp-content\/uploads\/2024\/02\/Welcome-pack-list.pdf\">&#8211; <span class=\"HwtZe\" lang=\"en\"><span class=\"jCAhz ChMk0b\"><span class=\"ryNqvb\">pacote de boas-vindas (pressione para ver o pre\u00e7o e os produtos inclu\u00eddos),<\/span><\/span><\/span><\/a><br \/>- limpeza di\u00e1ria (12 euros por hora), e<br \/>- aquecimento central:<br \/>\u00a0 - Casa do Tanque - 25 euros+15 euros\/dia;<br \/>\u00a0 - Casa de Luou - 1\u2032 andar - 50 euros+25 euros\/dia;<br \/>\u00a0 - Casa de Luou - r\u00e9s do ch\u00e3o - 50 euros+25 euros\/dia;<\/p><p><b>Os pre\u00e7os s\u00e3o v\u00e1lidos durante o corrente ano.<br \/><\/b><\/p>\t\t\t\t\t\t<\/div>\n\t\t\t\t<\/div>\n\t\t\t\t\t<\/div>\n\t\t<\/div>\n\t\t\t\t\t<\/div>\n\t\t<\/section>\n\t\t\t\t<div class=\"elementor-element elementor-element-6f3ee084 elementor-widget__width-initial elementor-widget elementor-widget-text-editor\" data-id=\"6f3ee084\" data-element_type=\"widget\" data-widget_type=\"text-editor.default\">\n\t\t\t\t<div class=\"elementor-widget-container\">\n\t\t\t\t\t\t\t<table style=\"width: 100%;\"><tbody><tr><td style=\"text-align: left;\" colspan=\"3\"><h1><b>\u00c1reas e configura\u00e7\u00e3o dos quartos<\/b><\/h1><\/td><\/tr><tr><td style=\"text-align: left;\" colspan=\"3\"><h1><b>Casa de Luou - 1\u00ba andar<\/b><\/h1><\/td><td align=\"right\"><p>\u00a0<\/p><p><b>\u00c1rea<\/b><\/p><\/td><td align=\"center\"><p>\u00a0<\/p><p><b>350 m2<\/b><\/p><\/td><\/tr><tr style=\"height: 10pt; mso-yfti-irow: 0; mso-yfti-firstrow: yes;\"><td><strong>Tipo de quarto<\/strong><\/td><td><b>N\u00famero de quartos<\/b><\/td><td><strong>Camas<br \/><\/strong>(largura * comprimento)<\/td><td><b>Tipo de casa de banho<\/b><\/td><td><strong>\u00c1rea<\/strong> (m2)<\/td><\/tr><tr style=\"height: 20.1pt; mso-yfti-irow: 1;\"><td>Casal<\/td><td>2<\/td><td>1,38 * 1,92<\/td><td>Exclusivo<\/td><td>&gt; 20<\/td><\/tr><tr style=\"height: 20.1pt; mso-yfti-irow: 2;\"><td>Duplo<\/td><td>2<\/td><td>1,04 * 1,94<\/td><td>Exclusivo<\/td><td>&gt; 20<\/td><\/tr><tr><td>\u00a0<\/td><td>\u00a0<\/td><td>\u00a0<\/td><td>\u00a0<\/td><td>\u00a0<\/td><\/tr><tr style=\"height: 21px;\"><td style=\"text-align: left;\" colspan=\"3\"><h1><b>Casa de Luou - R\u00e9s do Ch\u00e3o<\/b><\/h1><\/td><td align=\"right\"><p>\u00a0<\/p><p><b>\u00c1rea<\/b><\/p><\/td><td align=\"center\"><p>\u00a0<\/p><p><b>350 m2<\/b><\/p><\/td><\/tr><tr style=\"height: 24.95pt; mso-yfti-irow: 0; mso-yfti-firstrow: yes;\"><td><strong>Tipo de quarto<\/strong><\/td><td><b>N\u00famero de quartos<\/b><\/td><td><strong>Camas<br \/><\/strong>(largura * comprimento)<\/td><td><b>Tipo de casa de banho<\/b><\/td><td><strong>\u00c1rea<\/strong> (m2)<\/td><\/tr><tr style=\"height: 20.1pt; mso-yfti-irow: 1;\"><td>Duplo<\/td><td>1<\/td><td>1,10 * 1,95<\/td><td>Exclusivo<\/td><td>22<\/td><\/tr><tr style=\"height: 20.1pt; mso-yfti-irow: 2;\"><td>Individual<\/td><td>1<\/td><td>0,85 * 1,85<\/td><td>Partilhado<\/td><td>10<\/td><\/tr><tr style=\"height: 20.1pt; mso-yfti-irow: 2;\"><td>Duplo<\/td><td>1<\/td><td>1,20 * 1,85<\/td><td>Exclusivo<\/td><td>16<\/td><\/tr><tr style=\"height: 20.1pt; mso-yfti-irow: 2;\"><td>Duplo<\/td><td>1<\/td><td>0,98 * 2,00<\/td><td>Partilhado<\/td><td>12<\/td><\/tr><tr style=\"height: 20.1pt; mso-yfti-irow: 2;\"><td>Casal<\/td><td>1<\/td><td>1,40 * 1,95<\/td><td>Partilhado<\/td><td>12<\/td><\/tr><tr style=\"height: 20.1pt; mso-yfti-irow: 2;\"><td>Duplo<\/td><td>1<\/td><td><span style=\"font-family: color: #ff0000;\"><strong>0,75 * 1,76<\/strong><\/span><\/td><td>Partilhado<\/td><td>10<\/td><\/tr><tr><td>\u00a0<\/td><td>\u00a0<\/td><td>\u00a0<\/td><td>\u00a0<\/td><td>\u00a0<\/td><\/tr><tr style=\"height: 21px;\"><td style=\"text-align: left;\" colspan=\"3\"><h1><b>Casa do Tanque<\/b><\/h1><\/td><td align=\"right\"><p>\u00a0<\/p><p><b>\u00c1rea<\/b><\/p><\/td><td align=\"center\"><p>\u00a0<\/p><p><b>168 m2<\/b><\/p><\/td><\/tr><tr style=\"height: 24.95pt; mso-yfti-irow: 0; mso-yfti-firstrow: yes;\"><td><strong>Tipo de quarto<\/strong><\/td><td><b>N\u00famero de quartos<\/b><\/td><td><strong>Camas<br \/><\/strong>(largura * comprimento)<\/td><td><b>Tipo de casa de banho<\/b><\/td><td><strong>\u00c1rea<\/strong> (m2)<\/td><\/tr><tr style=\"height: 20.1pt; mso-yfti-irow: 1;\"><td>Casal<\/td><td>1<\/td><td>1,60 * 2,00<\/td><td>Exclusivo<\/td><td>&gt; 13<\/td><\/tr><tr style=\"height: 20.1pt; mso-yfti-irow: 2;\"><td>Duplo<\/td><td>2<\/td><td>0,98 * 2,00<\/td><td>Partilhado<\/td><td>&gt; 13<\/td><\/tr><\/tbody><\/table>\t\t\t\t\t\t<\/div>\n\t\t\t\t<\/div>\n\t\t\t\t\t<\/div>\n\t\t<\/div>\n\t\t\t\t\t<\/div>\n\t\t<\/section>\n\t\t\t\t<\/div>","protected":false},"excerpt":{"rendered":"<p>Booking conditions Please note that before paying reservations for the same day or the next day, you must confirm availability. See in detail the house rules, download it here. Reservations are only confirmed with payment: &#8211; 30% as a signal for confirmation of the reservation;&#8211; 70% remaining, up to 30 days before the date of &#8230;<\/p>","protected":false},"author":1,"featured_media":0,"parent":37023,"menu_order":4,"comment_status":"closed","ping_status":"closed","template":"","meta":{"footnotes":""},"aioseo_notices":[],"_links":{"self":[{"href":"https:\/\/quintadelouou.mabedesign.eu\/pt\/wp-json\/wp\/v2\/pages\/37160"}],"collection":[{"href":"https:\/\/quintadelouou.mabedesign.eu\/pt\/wp-json\/wp\/v2\/pages"}],"about":[{"href":"https:\/\/quintadelouou.mabedesign.eu\/pt\/wp-json\/wp\/v2\/types\/page"}],"author":[{"embeddable":true,"href":"https:\/\/quintadelouou.mabedesign.eu\/pt\/wp-json\/wp\/v2\/users\/1"}],"replies":[{"embeddable":true,"href":"https:\/\/quintadelouou.mabedesign.eu\/pt\/wp-json\/wp\/v2\/comments?post=37160"}],"version-history":[{"count":178,"href":"https:\/\/quintadelouou.mabedesign.eu\/pt\/wp-json\/wp\/v2\/pages\/37160\/revisions"}],"predecessor-version":[{"id":40044,"href":"https:\/\/quintadelouou.mabedesign.eu\/pt\/wp-json\/wp\/v2\/pages\/37160\/revisions\/40044"}],"up":[{"embeddable":true,"href":"https:\/\/quintadelouou.mabedesign.eu\/pt\/wp-json\/wp\/v2\/pages\/37023"}],"wp:attachment":[{"href":"https:\/\/quintadelouou.mabedesign.eu\/pt\/wp-json\/wp\/v2\/media?parent=37160"}],"curies":[{"name":"wp","href":"https:\/\/api.w.org\/{rel}","templated":true}]}}