{"id":37376,"date":"2022-11-10T16:37:14","date_gmt":"2022-11-10T16:37:14","guid":{"rendered":"https:\/\/rentals.luou.pt\/?page_id=37376"},"modified":"2022-12-26T18:16:39","modified_gmt":"2022-12-26T18:16:39","slug":"the-history-of-quinta-de-luou","status":"publish","type":"page","link":"https:\/\/quintadelouou.mabedesign.eu\/pt\/rural-tourism\/the-history-of-quinta-de-luou\/","title":{"rendered":"A hist\u00f3ria da Quinta de Luou"},"content":{"rendered":"<div data-elementor-type=\"wp-page\" data-elementor-id=\"37376\" class=\"elementor elementor-37376\">\n\t\t\t\t\t\t<section class=\"elementor-section elementor-top-section elementor-element elementor-element-a5bdecb elementor-section-full_width elementor-section-height-default elementor-section-height-default\" data-id=\"a5bdecb\" data-element_type=\"section\">\n\t\t\t\t\t\t<div class=\"elementor-container elementor-column-gap-no\">\n\t\t\t\t\t<div class=\"elementor-column elementor-col-100 elementor-top-column elementor-element elementor-element-e23f68f\" data-id=\"e23f68f\" data-element_type=\"column\">\n\t\t\t<div class=\"elementor-widget-wrap elementor-element-populated\">\n\t\t\t\t\t\t<section class=\"elementor-section elementor-inner-section elementor-element elementor-element-ce22784 elementor-section-full_width elementor-section-height-default elementor-section-height-default\" data-id=\"ce22784\" data-element_type=\"section\">\n\t\t\t\t\t\t<div class=\"elementor-container elementor-column-gap-no\">\n\t\t\t\t\t<div class=\"elementor-column elementor-col-50 elementor-inner-column elementor-element elementor-element-ce5d44d\" data-id=\"ce5d44d\" data-element_type=\"column\" data-settings=\"{&quot;background_background&quot;:&quot;classic&quot;}\">\n\t\t\t<div class=\"elementor-widget-wrap elementor-element-populated\">\n\t\t\t\t\t\t<div class=\"elementor-element elementor-element-fd6e0de elementor-widget elementor-widget-image\" data-id=\"fd6e0de\" data-element_type=\"widget\" data-widget_type=\"image.default\">\n\t\t\t\t<div class=\"elementor-widget-container\">\n\t\t\t<style>\/*! elementor - v3.21.0 - 26-05-2024 *\/\n.elementor-widget-image{text-align:center}.elementor-widget-image a{display:inline-block}.elementor-widget-image a img[src$=\".svg\"]{width:48px}.elementor-widget-image img{vertical-align:middle;display:inline-block}<\/style>\t\t\t\t\t\t\t\t\t\t<img fetchpriority=\"high\" decoding=\"async\" width=\"1500\" height=\"1500\" src=\"https:\/\/quintadelouou.mabedesign.eu\/wp-content\/uploads\/2022\/12\/Quinta-de-Luou-portao-principal.png\" class=\"attachment-full size-full wp-image-38770\" alt=\"\" srcset=\"https:\/\/quintadelouou.mabedesign.eu\/wp-content\/uploads\/2022\/12\/Quinta-de-Luou-portao-principal.png 1500w, https:\/\/quintadelouou.mabedesign.eu\/wp-content\/uploads\/2022\/12\/Quinta-de-Luou-portao-principal-300x300.png 300w, https:\/\/quintadelouou.mabedesign.eu\/wp-content\/uploads\/2022\/12\/Quinta-de-Luou-portao-principal-1024x1024.png 1024w, https:\/\/quintadelouou.mabedesign.eu\/wp-content\/uploads\/2022\/12\/Quinta-de-Luou-portao-principal-150x150.png 150w, https:\/\/quintadelouou.mabedesign.eu\/wp-content\/uploads\/2022\/12\/Quinta-de-Luou-portao-principal-768x768.png 768w, https:\/\/quintadelouou.mabedesign.eu\/wp-content\/uploads\/2022\/12\/Quinta-de-Luou-portao-principal-12x12.png 12w, https:\/\/quintadelouou.mabedesign.eu\/wp-content\/uploads\/2022\/12\/Quinta-de-Luou-portao-principal-60x60.png 60w, https:\/\/quintadelouou.mabedesign.eu\/wp-content\/uploads\/2022\/12\/Quinta-de-Luou-portao-principal-600x600.png 600w, https:\/\/quintadelouou.mabedesign.eu\/wp-content\/uploads\/2022\/12\/Quinta-de-Luou-portao-principal-100x100.png 100w\" sizes=\"(max-width: 1500px) 100vw, 1500px\" \/>\t\t\t\t\t\t\t\t\t\t\t\t\t<\/div>\n\t\t\t\t<\/div>\n\t\t\t\t\t<\/div>\n\t\t<\/div>\n\t\t\t\t<div class=\"elementor-column elementor-col-50 elementor-inner-column elementor-element elementor-element-f3734f1\" data-id=\"f3734f1\" data-element_type=\"column\">\n\t\t\t<div class=\"elementor-widget-wrap elementor-element-populated\">\n\t\t\t\t\t\t<div class=\"elementor-element elementor-element-c5f5fa6 elementor-widget elementor-widget-heading\" data-id=\"c5f5fa6\" data-element_type=\"widget\" data-widget_type=\"heading.default\">\n\t\t\t\t<div class=\"elementor-widget-container\">\n\t\t\t<style>\/*! elementor - v3.21.0 - 26-05-2024 *\/\n.elementor-heading-title{padding:0;margin:0;line-height:1}.elementor-widget-heading .elementor-heading-title[class*=elementor-size-]>a{color:inherit;font-size:inherit;line-height:inherit}.elementor-widget-heading .elementor-heading-title.elementor-size-small{font-size:15px}.elementor-widget-heading .elementor-heading-title.elementor-size-medium{font-size:19px}.elementor-widget-heading .elementor-heading-title.elementor-size-large{font-size:29px}.elementor-widget-heading .elementor-heading-title.elementor-size-xl{font-size:39px}.elementor-widget-heading .elementor-heading-title.elementor-size-xxl{font-size:59px}<\/style><h2 class=\"elementor-heading-title elementor-size-default\">A hist\u00f3ria da Quinta de Luou<\/h2>\t\t<\/div>\n\t\t\t\t<\/div>\n\t\t\t\t<div class=\"elementor-element elementor-element-9716627 elementor-widget elementor-widget-text-editor\" data-id=\"9716627\" data-element_type=\"widget\" data-widget_type=\"text-editor.default\">\n\t\t\t\t<div class=\"elementor-widget-container\">\n\t\t\t<style>\/*! elementor - v3.21.0 - 26-05-2024 *\/\n.elementor-widget-text-editor.elementor-drop-cap-view-stacked .elementor-drop-cap{background-color:#69727d;color:#fff}.elementor-widget-text-editor.elementor-drop-cap-view-framed .elementor-drop-cap{color:#69727d;border:3px solid;background-color:transparent}.elementor-widget-text-editor:not(.elementor-drop-cap-view-default) .elementor-drop-cap{margin-top:8px}.elementor-widget-text-editor:not(.elementor-drop-cap-view-default) .elementor-drop-cap-letter{width:1em;height:1em}.elementor-widget-text-editor .elementor-drop-cap{float:left;text-align:center;line-height:1;font-size:50px}.elementor-widget-text-editor .elementor-drop-cap-letter{display:inline-block}<\/style>\t\t\t\t<p>Quinta de Luou est\u00e1 localizada no lugar de Luou, Freguesia de Santa Cruz, Concelho de Ponte de Lima, e a ele se deve a origem do seu nome.<\/p><p><span class=\"HwtZe\" lang=\"en\"><span class=\"jCAhz ChMk0b\"><span class=\"ryNqvb\">Como curiosidade, vale a pena mencionar que na Galiza, no Munic\u00edpio de Teo, existe uma aldeia tamb\u00e9m chamada Luou, que preserva vest\u00edgios de tempos pr\u00e9-hist\u00f3ricos.<\/span><\/span><\/span><\/p><p><span class=\"HwtZe\" lang=\"en\"><span class=\"jCAhz ChMk0b\"><span class=\"ryNqvb\">Na carta de Beiral do Lima, em 1515, h\u00e1 uma refer\u00eancia a \"Fern\u00e3o de Luou\". <\/span><\/span><\/span><\/p>\t\t\t\t\t\t<\/div>\n\t\t\t\t<\/div>\n\t\t\t\t<div class=\"elementor-element elementor-element-4ff464d elementor-widget elementor-widget-text-editor\" data-id=\"4ff464d\" data-element_type=\"widget\" data-widget_type=\"text-editor.default\">\n\t\t\t\t<div class=\"elementor-widget-container\">\n\t\t\t\t\t\t\t<p>As primeiras refer\u00eancias \u00e0 \"Quinta de Luou\" s\u00e3o datadas do s\u00e9culo XVIII e estabelecem a liga\u00e7\u00e3o com o Morgadio da \"Casa do Fund\u00e3o\", situada em Loureira (Vila Verde).<\/p>\t\t\t\t\t\t<\/div>\n\t\t\t\t<\/div>\n\t\t\t\t\t<\/div>\n\t\t<\/div>\n\t\t\t\t\t<\/div>\n\t\t<\/section>\n\t\t\t\t<section class=\"elementor-section elementor-inner-section elementor-element elementor-element-8dd9e23 elementor-section-full_width elementor-section-height-default elementor-section-height-default\" data-id=\"8dd9e23\" data-element_type=\"section\">\n\t\t\t\t\t\t<div class=\"elementor-container elementor-column-gap-no\">\n\t\t\t\t\t<div class=\"elementor-column elementor-col-50 elementor-inner-column elementor-element elementor-element-5fac07f\" data-id=\"5fac07f\" data-element_type=\"column\">\n\t\t\t<div class=\"elementor-widget-wrap elementor-element-populated\">\n\t\t\t\t\t\t<div class=\"elementor-element elementor-element-c7d2102 elementor-widget elementor-widget-text-editor\" data-id=\"c7d2102\" data-element_type=\"widget\" data-widget_type=\"text-editor.default\">\n\t\t\t\t<div class=\"elementor-widget-container\">\n\t\t\t\t\t\t\t<p>Desta fam\u00edlia descende o 2\u00ba Visconde da Torre, Alberto Feio da Rocha P\u00e1ris, que morreu sem descend\u00eancia em 1912, e deixou a propriedade \u00e0 fam\u00edlia da sua mulher, Maria C\u00e2ndida Malheiro Reym\u00e3o, irm\u00e3 do bisav\u00f4 dos actuais propriet\u00e1rios.<\/p><p>A parte mais antiga da casa, cuja data de constru\u00e7\u00e3o n\u00e3o \u00e9 conhecida, deve ser constitu\u00edda pela \u00e1rea da cozinha, o alpendre e as escadas da cozinha, e a parte da fachada oeste que termina junto ao tubo de queda de \u00e1guas da chuva, onde s\u00e3o vis\u00edveis as pedras que fariam o primitivo in\u00edcio  da fachada da casa.<\/p><p>No s\u00e9culo XVIII, ter\u00e1 havido uma extens\u00e3o para a actual \u00e1rea da varanda, onde a fachada principal da casa ter\u00e1 sido constru\u00edda.<\/p><p>A exist\u00eancia de duas portas de entrada no alpendre deve-se \u00e0 sua funcionalidade. A da direita conduziria \u00e0 antiga sala de entrada (agora transformada em quarto), sendo utilizada para receber visitantes e a que ainda est\u00e1 em servi\u00e7o d\u00e1 um corredor e seria utilizada pelo pessoal da casa.<\/p>\t\t\t\t\t\t<\/div>\n\t\t\t\t<\/div>\n\t\t\t\t\t<\/div>\n\t\t<\/div>\n\t\t\t\t<div class=\"elementor-column elementor-col-50 elementor-inner-column elementor-element elementor-element-4a32327\" data-id=\"4a32327\" data-element_type=\"column\" data-settings=\"{&quot;background_background&quot;:&quot;classic&quot;}\">\n\t\t\t<div class=\"elementor-widget-wrap elementor-element-populated\">\n\t\t\t\t\t\t<div class=\"elementor-element elementor-element-075d018 elementor-widget elementor-widget-image\" data-id=\"075d018\" data-element_type=\"widget\" data-widget_type=\"image.default\">\n\t\t\t\t<div class=\"elementor-widget-container\">\n\t\t\t\t\t\t\t\t\t\t\t\t\t<img decoding=\"async\" width=\"1460\" height=\"1460\" src=\"https:\/\/quintadelouou.mabedesign.eu\/wp-content\/uploads\/2022\/11\/2012-07-Fachada-poente-03-e1672077064524.jpg\" class=\"attachment-full size-full wp-image-38057\" alt=\"\" srcset=\"https:\/\/quintadelouou.mabedesign.eu\/wp-content\/uploads\/2022\/11\/2012-07-Fachada-poente-03-e1672077064524.jpg 1460w, https:\/\/quintadelouou.mabedesign.eu\/wp-content\/uploads\/2022\/11\/2012-07-Fachada-poente-03-e1672077064524-300x300.jpg 300w, https:\/\/quintadelouou.mabedesign.eu\/wp-content\/uploads\/2022\/11\/2012-07-Fachada-poente-03-e1672077064524-1024x1024.jpg 1024w, https:\/\/quintadelouou.mabedesign.eu\/wp-content\/uploads\/2022\/11\/2012-07-Fachada-poente-03-e1672077064524-150x150.jpg 150w, https:\/\/quintadelouou.mabedesign.eu\/wp-content\/uploads\/2022\/11\/2012-07-Fachada-poente-03-e1672077064524-768x768.jpg 768w, https:\/\/quintadelouou.mabedesign.eu\/wp-content\/uploads\/2022\/11\/2012-07-Fachada-poente-03-e1672077064524-60x60.jpg 60w, https:\/\/quintadelouou.mabedesign.eu\/wp-content\/uploads\/2022\/11\/2012-07-Fachada-poente-03-e1672077064524-600x600.jpg 600w, https:\/\/quintadelouou.mabedesign.eu\/wp-content\/uploads\/2022\/11\/2012-07-Fachada-poente-03-e1672077064524-100x100.jpg 100w\" sizes=\"(max-width: 1460px) 100vw, 1460px\" \/>\t\t\t\t\t\t\t\t\t\t\t\t\t<\/div>\n\t\t\t\t<\/div>\n\t\t\t\t\t<\/div>\n\t\t<\/div>\n\t\t\t\t\t<\/div>\n\t\t<\/section>\n\t\t\t\t<section class=\"elementor-section elementor-inner-section elementor-element elementor-element-df813f3 elementor-section-full_width elementor-section-content-middle elementor-section-height-default elementor-section-height-default\" data-id=\"df813f3\" data-element_type=\"section\">\n\t\t\t\t\t\t<div class=\"elementor-container elementor-column-gap-no\">\n\t\t\t\t\t<div class=\"elementor-column elementor-col-50 elementor-inner-column elementor-element elementor-element-a295118\" data-id=\"a295118\" data-element_type=\"column\" data-settings=\"{&quot;background_background&quot;:&quot;classic&quot;}\">\n\t\t\t<div class=\"elementor-widget-wrap elementor-element-populated\">\n\t\t\t\t\t\t<div class=\"elementor-element elementor-element-bf0b426 elementor-widget elementor-widget-image\" data-id=\"bf0b426\" data-element_type=\"widget\" data-widget_type=\"image.default\">\n\t\t\t\t<div class=\"elementor-widget-container\">\n\t\t\t\t\t\t\t\t\t\t\t\t\t<img decoding=\"async\" width=\"1541\" height=\"1541\" src=\"https:\/\/quintadelouou.mabedesign.eu\/wp-content\/uploads\/2022\/11\/Quinta-de-Luou-1-e1672077356247.jpg\" class=\"attachment-full size-full wp-image-37371\" alt=\"\" srcset=\"https:\/\/quintadelouou.mabedesign.eu\/wp-content\/uploads\/2022\/11\/Quinta-de-Luou-1-e1672077356247.jpg 1541w, https:\/\/quintadelouou.mabedesign.eu\/wp-content\/uploads\/2022\/11\/Quinta-de-Luou-1-e1672077356247-300x300.jpg 300w, https:\/\/quintadelouou.mabedesign.eu\/wp-content\/uploads\/2022\/11\/Quinta-de-Luou-1-e1672077356247-1024x1024.jpg 1024w, https:\/\/quintadelouou.mabedesign.eu\/wp-content\/uploads\/2022\/11\/Quinta-de-Luou-1-e1672077356247-150x150.jpg 150w, https:\/\/quintadelouou.mabedesign.eu\/wp-content\/uploads\/2022\/11\/Quinta-de-Luou-1-e1672077356247-768x768.jpg 768w, https:\/\/quintadelouou.mabedesign.eu\/wp-content\/uploads\/2022\/11\/Quinta-de-Luou-1-e1672077356247-1536x1536.jpg 1536w, https:\/\/quintadelouou.mabedesign.eu\/wp-content\/uploads\/2022\/11\/Quinta-de-Luou-1-e1672077356247-60x60.jpg 60w, https:\/\/quintadelouou.mabedesign.eu\/wp-content\/uploads\/2022\/11\/Quinta-de-Luou-1-e1672077356247-600x600.jpg 600w, https:\/\/quintadelouou.mabedesign.eu\/wp-content\/uploads\/2022\/11\/Quinta-de-Luou-1-e1672077356247-100x100.jpg 100w\" sizes=\"(max-width: 1541px) 100vw, 1541px\" \/>\t\t\t\t\t\t\t\t\t\t\t\t\t<\/div>\n\t\t\t\t<\/div>\n\t\t\t\t\t<\/div>\n\t\t<\/div>\n\t\t\t\t<div class=\"elementor-column elementor-col-50 elementor-inner-column elementor-element elementor-element-460f350\" data-id=\"460f350\" data-element_type=\"column\">\n\t\t\t<div class=\"elementor-widget-wrap elementor-element-populated\">\n\t\t\t\t\t\t<div class=\"elementor-element elementor-element-fd84619 elementor-widget elementor-widget-text-editor\" data-id=\"fd84619\" data-element_type=\"widget\" data-widget_type=\"text-editor.default\">\n\t\t\t\t<div class=\"elementor-widget-container\">\n\t\t\t\t\t\t\t<p><span style=\"color: var( --e-global-color-text ); font-family: var( --e-global-typography-text-font-family ), Sans-serif;\">No final do s\u00e9culo XIX, o alpendre foi constru\u00eddo sobre a escadaria. Desconhece-se se a escadaria j\u00e1 existiria ou se apenas teria sido coberta com um telhado.<\/span><\/p><p><span style=\"color: var( --e-global-color-text ); font-family: var( --e-global-typography-text-font-family ), Sans-serif;\">Ao mesmo tempo ou no in\u00edcio do s\u00e9culo XX, o sal\u00e3o sul ter\u00e1 sido constru\u00eddo, o qual poder\u00e1 ter sido inicialmente um terra\u00e7o aberto.<\/span><\/p><p><span style=\"color: var( --e-global-color-text ); font-family: var( --e-global-typography-text-font-family ), Sans-serif;\">A Quinta de Luou durante muitos anos foi tamb\u00e9m conhecida como \"Quinta de Santa Cruz\" e a Casa Principal tem como patrono Santo Ant\u00f3nio, tendo em tempos existido no topo das duas portas de entrada uma imagem de pedra do referido Santo.<\/span><\/p><p>Durante as recentes obras de remodela\u00e7\u00e3o para o turismo, quase todos os tectos permaneceram na sua forma original; num dos actuais sanit\u00e1rios, o interior do tecto foi removido para permitir a cria\u00e7\u00e3o de uma clarab\u00f3ia.<\/p>\t\t\t\t\t\t<\/div>\n\t\t\t\t<\/div>\n\t\t\t\t\t<\/div>\n\t\t<\/div>\n\t\t\t\t\t<\/div>\n\t\t<\/section>\n\t\t\t\t\t<\/div>\n\t\t<\/div>\n\t\t\t\t\t<\/div>\n\t\t<\/section>\n\t\t\t\t<\/div>","protected":false},"excerpt":{"rendered":"<p>The history of Quinta de Luou Quinta de Luou is located in the small village of Luou, Parish of Santa Cruz do Lima, Municipality of Ponte de Lima, and to him owes the origin of its name. As a curiosity, it is worth mentioning that in Galicia, in the Municipality of Teo, there is a &#8230;<\/p>","protected":false},"author":1,"featured_media":0,"parent":37023,"menu_order":-10,"comment_status":"closed","ping_status":"closed","template":"","meta":{"footnotes":""},"aioseo_notices":[],"_links":{"self":[{"href":"https:\/\/quintadelouou.mabedesign.eu\/pt\/wp-json\/wp\/v2\/pages\/37376"}],"collection":[{"href":"https:\/\/quintadelouou.mabedesign.eu\/pt\/wp-json\/wp\/v2\/pages"}],"about":[{"href":"https:\/\/quintadelouou.mabedesign.eu\/pt\/wp-json\/wp\/v2\/types\/page"}],"author":[{"embeddable":true,"href":"https:\/\/quintadelouou.mabedesign.eu\/pt\/wp-json\/wp\/v2\/users\/1"}],"replies":[{"embeddable":true,"href":"https:\/\/quintadelouou.mabedesign.eu\/pt\/wp-json\/wp\/v2\/comments?post=37376"}],"version-history":[{"count":214,"href":"https:\/\/quintadelouou.mabedesign.eu\/pt\/wp-json\/wp\/v2\/pages\/37376\/revisions"}],"predecessor-version":[{"id":38788,"href":"https:\/\/quintadelouou.mabedesign.eu\/pt\/wp-json\/wp\/v2\/pages\/37376\/revisions\/38788"}],"up":[{"embeddable":true,"href":"https:\/\/quintadelouou.mabedesign.eu\/pt\/wp-json\/wp\/v2\/pages\/37023"}],"wp:attachment":[{"href":"https:\/\/quintadelouou.mabedesign.eu\/pt\/wp-json\/wp\/v2\/media?parent=37376"}],"curies":[{"name":"wp","href":"https:\/\/api.w.org\/{rel}","templated":true}]}}