{"id":36861,"date":"2022-11-07T20:12:47","date_gmt":"2022-11-07T20:12:47","guid":{"rendered":"https:\/\/rentals.luou.pt\/?post_type=product&#038;p=36861"},"modified":"2023-04-20T17:46:49","modified_gmt":"2023-04-20T17:46:49","slug":"vitelos","status":"publish","type":"product","link":"https:\/\/quintadelouou.mabedesign.eu\/pt\/store\/vitelos\/","title":{"rendered":"Vitelos"},"content":{"rendered":"<p>Vitelos vivos da ra\u00e7a barros\u00e3 nascidos na Quinta.<\/p>\n<p>S\u00f3 vendemos vitelos vivos.<\/p>\n<p>Idade m\u00e1xima 9 meses.<\/p>\n<p>Peso entre 70 e 130 kg.<\/p>\n<p>Pre\u00e7o base - 850 \u20ac; pre\u00e7o final e peso final a confirmar ap\u00f3s abate; taxa Sirca e transporte a cargo do comprador.<\/p>\n<p>Todos os animais encomendados dever\u00e3o ser levantados na Quinta em hora e dia a combinar.<\/p>\n<p>A pris\u00e3o de animais para satisfazer qualquer encomenda s\u00f3 ser\u00e1 feita ap\u00f3s pagamento integral do seu valor.<\/p>","protected":false},"excerpt":{"rendered":"<p>Vitelos vivos da ra\u00e7a barros\u00e3 nascidos na Quinta.<br \/>\nIdade m\u00e1xima 9 meses.<\/p>\n<p>Confirme a disponibilidade antes de efectuar o pagamento.<\/p>\n<p>&nbsp;<\/p>","protected":false},"featured_media":36862,"template":"","meta":[],"product_cat":[94,99],"product_tag":[97],"aioseo_notices":[],"_links":{"self":[{"href":"https:\/\/quintadelouou.mabedesign.eu\/pt\/wp-json\/wp\/v2\/product\/36861"}],"collection":[{"href":"https:\/\/quintadelouou.mabedesign.eu\/pt\/wp-json\/wp\/v2\/product"}],"about":[{"href":"https:\/\/quintadelouou.mabedesign.eu\/pt\/wp-json\/wp\/v2\/types\/product"}],"wp:featuredmedia":[{"embeddable":true,"href":"https:\/\/quintadelouou.mabedesign.eu\/pt\/wp-json\/wp\/v2\/media\/36862"}],"wp:attachment":[{"href":"https:\/\/quintadelouou.mabedesign.eu\/pt\/wp-json\/wp\/v2\/media?parent=36861"}],"wp:term":[{"taxonomy":"product_cat","embeddable":true,"href":"https:\/\/quintadelouou.mabedesign.eu\/pt\/wp-json\/wp\/v2\/product_cat?post=36861"},{"taxonomy":"product_tag","embeddable":true,"href":"https:\/\/quintadelouou.mabedesign.eu\/pt\/wp-json\/wp\/v2\/product_tag?post=36861"}],"curies":[{"name":"wp","href":"https:\/\/api.w.org\/{rel}","templated":true}]}}