{"id":36877,"date":"2022-11-07T21:44:50","date_gmt":"2022-11-07T21:44:50","guid":{"rendered":"https:\/\/rentals.luou.pt\/?post_type=product&#038;p=36877"},"modified":"2023-04-18T17:13:21","modified_gmt":"2023-04-18T17:13:21","slug":"tangerinas","status":"publish","type":"product","link":"https:\/\/quintadelouou.mabedesign.eu\/pt\/store\/tangerinas\/","title":{"rendered":"Tangerinas"},"content":{"rendered":"<p>Tangerinas produzidas na Quinta.<\/p>\n<p>Per\u00edodo previsto de produ\u00e7\u00e3o dispon\u00edvel:<br \/>\nFinal do outono e inverno.<\/p>\n<p>Toda a fruta encomendada dever\u00e1 ser levantada na Quinta em hora e dia a combinar.<\/p>\n<p>A apanha da fruta para satisfazer qualquer encomenda s\u00f3 ser\u00e1 feita ap\u00f3s pagamento integral do seu valor.<\/p>","protected":false},"excerpt":{"rendered":"<p>&nbsp;<\/p>\n<p>Tangerinas produzidas na Quinta.<\/p>\n<p>Per\u00edodo previsto de produ\u00e7\u00e3o dispon\u00edvel:<br \/>\nFinal do outono e inverno.<\/p>\n<p>Confirme a disponibilidade antes de efectuar o pagamento.<\/p>","protected":false},"featured_media":36883,"template":"","meta":[],"product_cat":[100,101],"product_tag":[102],"aioseo_notices":[],"_links":{"self":[{"href":"https:\/\/quintadelouou.mabedesign.eu\/pt\/wp-json\/wp\/v2\/product\/36877"}],"collection":[{"href":"https:\/\/quintadelouou.mabedesign.eu\/pt\/wp-json\/wp\/v2\/product"}],"about":[{"href":"https:\/\/quintadelouou.mabedesign.eu\/pt\/wp-json\/wp\/v2\/types\/product"}],"wp:featuredmedia":[{"embeddable":true,"href":"https:\/\/quintadelouou.mabedesign.eu\/pt\/wp-json\/wp\/v2\/media\/36883"}],"wp:attachment":[{"href":"https:\/\/quintadelouou.mabedesign.eu\/pt\/wp-json\/wp\/v2\/media?parent=36877"}],"wp:term":[{"taxonomy":"product_cat","embeddable":true,"href":"https:\/\/quintadelouou.mabedesign.eu\/pt\/wp-json\/wp\/v2\/product_cat?post=36877"},{"taxonomy":"product_tag","embeddable":true,"href":"https:\/\/quintadelouou.mabedesign.eu\/pt\/wp-json\/wp\/v2\/product_tag?post=36877"}],"curies":[{"name":"wp","href":"https:\/\/api.w.org\/{rel}","templated":true}]}}