{"id":36884,"date":"2022-11-07T22:02:13","date_gmt":"2022-11-07T22:02:13","guid":{"rendered":"https:\/\/rentals.luou.pt\/?post_type=product&#038;p=36884"},"modified":"2024-03-24T17:17:23","modified_gmt":"2024-03-24T17:17:23","slug":"borregos","status":"publish","type":"product","link":"https:\/\/quintadelouou.mabedesign.eu\/pt\/store\/borregos\/","title":{"rendered":"Borregos"},"content":{"rendered":"<p><span class=\"HwtZe\" lang=\"en\"><span class=\"jCAhz ChMk0b\"><span class=\"ryNqvb\">Borregos nascidos este ano na Quinta.<\/span><\/span><\/span><\/p>\n<p><span class=\"HwtZe\" lang=\"en\"><span class=\"jCAhz ChMk0b\"><span class=\"ryNqvb\">S\u00f3 vendemos borregos vivos.<\/span><\/span><\/span><\/p>\n<p>Todos os animais encomendados dever\u00e3o ser levantados na Quinta em hora e dia a combinar.<\/p>\n<p>A pris\u00e3o de animais para satisfazer qualquer encomenda s\u00f3 ser\u00e1 feita ap\u00f3s pagamento integral do seu valor.<\/p>","protected":false},"excerpt":{"rendered":"<p>&nbsp;<\/p>\n<p><span class=\"HwtZe\" lang=\"en\"><span class=\"jCAhz ChMk0b\"><span class=\"ryNqvb\">Borregos vivos nascidos este ano na Quinta.<\/span><\/span><\/span><\/p>\n<p>Confirme a disponibilidade antes de efectuar o pagamento.<\/p>\n<p>&nbsp;<\/p>","protected":false},"featured_media":38754,"template":"","meta":[],"product_cat":[94,103],"product_tag":[97],"aioseo_notices":[],"_links":{"self":[{"href":"https:\/\/quintadelouou.mabedesign.eu\/pt\/wp-json\/wp\/v2\/product\/36884"}],"collection":[{"href":"https:\/\/quintadelouou.mabedesign.eu\/pt\/wp-json\/wp\/v2\/product"}],"about":[{"href":"https:\/\/quintadelouou.mabedesign.eu\/pt\/wp-json\/wp\/v2\/types\/product"}],"wp:featuredmedia":[{"embeddable":true,"href":"https:\/\/quintadelouou.mabedesign.eu\/pt\/wp-json\/wp\/v2\/media\/38754"}],"wp:attachment":[{"href":"https:\/\/quintadelouou.mabedesign.eu\/pt\/wp-json\/wp\/v2\/media?parent=36884"}],"wp:term":[{"taxonomy":"product_cat","embeddable":true,"href":"https:\/\/quintadelouou.mabedesign.eu\/pt\/wp-json\/wp\/v2\/product_cat?post=36884"},{"taxonomy":"product_tag","embeddable":true,"href":"https:\/\/quintadelouou.mabedesign.eu\/pt\/wp-json\/wp\/v2\/product_tag?post=36884"}],"curies":[{"name":"wp","href":"https:\/\/api.w.org\/{rel}","templated":true}]}}