{"id":36890,"date":"2022-11-07T22:22:08","date_gmt":"2022-11-07T22:22:08","guid":{"rendered":"https:\/\/rentals.luou.pt\/?post_type=product&#038;p=36890"},"modified":"2023-04-18T18:05:07","modified_gmt":"2023-04-18T18:05:07","slug":"kiwis","status":"publish","type":"product","link":"https:\/\/quintadelouou.mabedesign.eu\/pt\/store\/kiwis\/","title":{"rendered":"Kiwis"},"content":{"rendered":"<p><span class=\"HwtZe\" lang=\"en\"><span class=\"jCAhz ChMk0b\"><span class=\"ryNqvb\">Kiwis org\u00e2nicos produzidos na quinta.<\/span><\/span><\/span>.<\/p>\n<p>Per\u00edodo previsto de produ\u00e7\u00e3o dispon\u00edvel:<br \/>\n<span class=\"HwtZe\" lang=\"en\"><span class=\"jCAhz ChMk0b\"><span class=\"ryNqvb\">A partir de Dezembro<\/span><\/span><\/span>.<\/p>\n<p>Toda a fruta encomendada dever\u00e1 ser levantada na Quinta em hora e dia a combinar.<\/p>\n<p>A apanha da fruta para satisfazer qualquer encomenda s\u00f3 ser\u00e1 feita ap\u00f3s pagamento integral do seu valor.<\/p>","protected":false},"excerpt":{"rendered":"<p>&nbsp;<\/p>\n<p><span class=\"HwtZe\" lang=\"en\"><span class=\"jCAhz ChMk0b\"><span class=\"ryNqvb\">Kiwis org\u00e2nicos produzidos na quinta.<\/span><\/span><\/span><\/p>\n<p>Per\u00edodo previsto de produ\u00e7\u00e3o dispon\u00edvel:<br \/>\n<span class=\"HwtZe\" lang=\"en\"><span class=\"jCAhz ChMk0b\"><span class=\"ryNqvb\">A partir de Dezembro<\/span><\/span><\/span>.<\/p>\n<p>Confirme a disponibilidade antes de efectuar o pagamento.<\/p>","protected":false},"featured_media":36896,"template":"","meta":[],"product_cat":[100,104],"product_tag":[102],"aioseo_notices":[],"_links":{"self":[{"href":"https:\/\/quintadelouou.mabedesign.eu\/pt\/wp-json\/wp\/v2\/product\/36890"}],"collection":[{"href":"https:\/\/quintadelouou.mabedesign.eu\/pt\/wp-json\/wp\/v2\/product"}],"about":[{"href":"https:\/\/quintadelouou.mabedesign.eu\/pt\/wp-json\/wp\/v2\/types\/product"}],"wp:featuredmedia":[{"embeddable":true,"href":"https:\/\/quintadelouou.mabedesign.eu\/pt\/wp-json\/wp\/v2\/media\/36896"}],"wp:attachment":[{"href":"https:\/\/quintadelouou.mabedesign.eu\/pt\/wp-json\/wp\/v2\/media?parent=36890"}],"wp:term":[{"taxonomy":"product_cat","embeddable":true,"href":"https:\/\/quintadelouou.mabedesign.eu\/pt\/wp-json\/wp\/v2\/product_cat?post=36890"},{"taxonomy":"product_tag","embeddable":true,"href":"https:\/\/quintadelouou.mabedesign.eu\/pt\/wp-json\/wp\/v2\/product_tag?post=36890"}],"curies":[{"name":"wp","href":"https:\/\/api.w.org\/{rel}","templated":true}]}}