{"id":39371,"date":"2023-02-22T10:55:54","date_gmt":"2023-02-22T10:55:54","guid":{"rendered":"https:\/\/quintadelouou.mabedesign.eu\/?post_type=product&#038;p=39371"},"modified":"2024-03-25T12:24:15","modified_gmt":"2024-03-25T12:24:15","slug":"galos-medios","status":"publish","type":"product","link":"https:\/\/quintadelouou.mabedesign.eu\/pt\/store\/galos-medios\/","title":{"rendered":"Galos m\u00e9dios"},"content":{"rendered":"<p>&nbsp;<\/p>\n<p>Galos m\u00e9dios criados na quinta ao ar livre, vivos ou mortos.<\/p>\n<p>Aves de ra\u00e7as portuguesas (preta lusit\u00e2nica, amarela, pedr\u00eas portuguesa  ou branca).<\/p>\n<p>Todos os animais encomendados dever\u00e3o ser levantados na Quinta em hora e dia a combinar.<\/p>\n<p>A morte de animais para satisfazer qualquer encomenda s\u00f3 ser\u00e1 feita ap\u00f3s pagamento integral do seu valor.<\/p>\n<p>&nbsp;<\/p>\n<p>&nbsp;<\/p>","protected":false},"excerpt":{"rendered":"<p>&nbsp;<\/p>\n<p>Galos m\u00e9dios criados na quinta ao ar livre, vivos ou mortos.<\/p>\n<p>Confirme a disponibilidade antes de efectuar o pagamento.<\/p>\n<p>&nbsp;<\/p>","protected":false},"featured_media":39379,"template":"","meta":[],"product_cat":[94],"product_tag":[97],"aioseo_notices":[],"_links":{"self":[{"href":"https:\/\/quintadelouou.mabedesign.eu\/pt\/wp-json\/wp\/v2\/product\/39371"}],"collection":[{"href":"https:\/\/quintadelouou.mabedesign.eu\/pt\/wp-json\/wp\/v2\/product"}],"about":[{"href":"https:\/\/quintadelouou.mabedesign.eu\/pt\/wp-json\/wp\/v2\/types\/product"}],"wp:featuredmedia":[{"embeddable":true,"href":"https:\/\/quintadelouou.mabedesign.eu\/pt\/wp-json\/wp\/v2\/media\/39379"}],"wp:attachment":[{"href":"https:\/\/quintadelouou.mabedesign.eu\/pt\/wp-json\/wp\/v2\/media?parent=39371"}],"wp:term":[{"taxonomy":"product_cat","embeddable":true,"href":"https:\/\/quintadelouou.mabedesign.eu\/pt\/wp-json\/wp\/v2\/product_cat?post=39371"},{"taxonomy":"product_tag","embeddable":true,"href":"https:\/\/quintadelouou.mabedesign.eu\/pt\/wp-json\/wp\/v2\/product_tag?post=39371"}],"curies":[{"name":"wp","href":"https:\/\/api.w.org\/{rel}","templated":true}]}}