{"id":39388,"date":"2023-02-22T15:09:56","date_gmt":"2023-02-22T15:09:56","guid":{"rendered":"https:\/\/quintadelouou.mabedesign.eu\/?post_type=product&#038;p=39388"},"modified":"2024-03-25T12:16:24","modified_gmt":"2024-03-25T12:16:24","slug":"patas-mudas","status":"publish","type":"product","link":"https:\/\/quintadelouou.mabedesign.eu\/pt\/store\/patas-mudas\/","title":{"rendered":"Patas mudas"},"content":{"rendered":"<p>Patos mudos criados na quinta ao ar livre, vivos ou mortos.<\/p>\n<p>Todos os animais encomendados dever\u00e3o ser levantados na Quinta em hora e dia a combinar.<\/p>\n<p>A morte de animais para satisfazer qualquer encomenda s\u00f3 ser\u00e1 feita ap\u00f3s pagamento integral do seu valor.<\/p>\n<p>&nbsp;<\/p>","protected":false},"excerpt":{"rendered":"<p>Patos mudos criados na quinta ao ar livre, vivos ou mortos.<\/p>\n<p>Confirme a disponibilidade antes de efectuar o pagamento.<\/p>\n<p>&nbsp;<\/p>","protected":false},"featured_media":39387,"template":"","meta":[],"product_cat":[94,95,96],"product_tag":[97],"aioseo_notices":[],"_links":{"self":[{"href":"https:\/\/quintadelouou.mabedesign.eu\/pt\/wp-json\/wp\/v2\/product\/39388"}],"collection":[{"href":"https:\/\/quintadelouou.mabedesign.eu\/pt\/wp-json\/wp\/v2\/product"}],"about":[{"href":"https:\/\/quintadelouou.mabedesign.eu\/pt\/wp-json\/wp\/v2\/types\/product"}],"wp:featuredmedia":[{"embeddable":true,"href":"https:\/\/quintadelouou.mabedesign.eu\/pt\/wp-json\/wp\/v2\/media\/39387"}],"wp:attachment":[{"href":"https:\/\/quintadelouou.mabedesign.eu\/pt\/wp-json\/wp\/v2\/media?parent=39388"}],"wp:term":[{"taxonomy":"product_cat","embeddable":true,"href":"https:\/\/quintadelouou.mabedesign.eu\/pt\/wp-json\/wp\/v2\/product_cat?post=39388"},{"taxonomy":"product_tag","embeddable":true,"href":"https:\/\/quintadelouou.mabedesign.eu\/pt\/wp-json\/wp\/v2\/product_tag?post=39388"}],"curies":[{"name":"wp","href":"https:\/\/api.w.org\/{rel}","templated":true}]}}