{"id":39495,"date":"2023-04-04T16:02:50","date_gmt":"2023-04-04T16:02:50","guid":{"rendered":"https:\/\/quintadelouou.mabedesign.eu\/?post_type=product&#038;p=39495"},"modified":"2023-04-20T17:38:14","modified_gmt":"2023-04-20T17:38:14","slug":"ovos-de-galinha","status":"publish","type":"product","link":"https:\/\/quintadelouou.mabedesign.eu\/pt\/store\/ovos-de-galinha\/","title":{"rendered":"Ovos de galinha (12)"},"content":{"rendered":"<p>Aves de ra\u00e7as portuguesas (preta lusit\u00e2nica, amarela, pedr\u00eas portuguesa  ou branca).<\/p>\n<p>Todos os ovos encomendados dever\u00e3o ser levantados na Quinta em hora e dia a combinar.<\/p>","protected":false},"excerpt":{"rendered":"<p>&nbsp;<\/p>\n<p>Aves de ra\u00e7as portuguesas (preta lusit\u00e2nica, amarela, pedr\u00eas portuguesa  ou branca).<\/p>\n<p>&nbsp;<\/p>\n<div class=\"woocommerce-product-details__short-description\">\n<p>Confirme a disponibilidade antes de efectuar o pagamento.<\/p>\n<p>&nbsp;<\/p>\n<\/div>\n<form class=\"cart\" action=\"\" enctype=\"multipart\/form-data\" method=\"post\" data-trp-original-action=\"\"><input type=\"hidden\" name=\"trp-form-language\" value=\"pt\"\/><\/form>","protected":false},"featured_media":39498,"template":"","meta":[],"product_cat":[86],"product_tag":[],"aioseo_notices":[],"_links":{"self":[{"href":"https:\/\/quintadelouou.mabedesign.eu\/pt\/wp-json\/wp\/v2\/product\/39495"}],"collection":[{"href":"https:\/\/quintadelouou.mabedesign.eu\/pt\/wp-json\/wp\/v2\/product"}],"about":[{"href":"https:\/\/quintadelouou.mabedesign.eu\/pt\/wp-json\/wp\/v2\/types\/product"}],"wp:featuredmedia":[{"embeddable":true,"href":"https:\/\/quintadelouou.mabedesign.eu\/pt\/wp-json\/wp\/v2\/media\/39498"}],"wp:attachment":[{"href":"https:\/\/quintadelouou.mabedesign.eu\/pt\/wp-json\/wp\/v2\/media?parent=39495"}],"wp:term":[{"taxonomy":"product_cat","embeddable":true,"href":"https:\/\/quintadelouou.mabedesign.eu\/pt\/wp-json\/wp\/v2\/product_cat?post=39495"},{"taxonomy":"product_tag","embeddable":true,"href":"https:\/\/quintadelouou.mabedesign.eu\/pt\/wp-json\/wp\/v2\/product_tag?post=39495"}],"curies":[{"name":"wp","href":"https:\/\/api.w.org\/{rel}","templated":true}]}}