{"id":39927,"date":"2023-08-24T18:12:48","date_gmt":"2023-08-24T18:12:48","guid":{"rendered":"https:\/\/quintadelouou.mabedesign.eu\/?post_type=product&#038;p=39927"},"modified":"2023-08-24T21:32:06","modified_gmt":"2023-08-24T21:32:06","slug":"program-wine-tasting-integrated-into-a-meal","status":"publish","type":"product","link":"https:\/\/quintadelouou.mabedesign.eu\/pt\/store\/program-wine-tasting-integrated-into-a-meal\/","title":{"rendered":"Programa - prova de vinho, integrada numa refei\u00e7\u00e3o."},"content":{"rendered":"<p>Por marca\u00e7\u00e3o, \u00e9 poss\u00edvel fazer um programa que inclui degusta\u00e7\u00e3o de vinhos, integrado numa refei\u00e7\u00e3o, e subsequente visita \u00e0 Quinta.<\/p>\n<p>A refei\u00e7\u00e3o consistir\u00e1 em sopa, um prato regional, doce regional, vinhos da Quinta e caf\u00e9, ou outro menu a acordar.<\/p>\n<p>O pre\u00e7o m\u00ednimo por pessoa \u00e9 de 40 \u20ac.<\/p>\n<p>O pre\u00e7o m\u00ednimo do programa \u00e9 de 250 \u20ac.<\/p>","protected":false},"excerpt":{"rendered":"<p>Por marca\u00e7\u00e3o, \u00e9 poss\u00edvel fazer um programa que inclui degusta\u00e7\u00e3o de vinhos, integrado numa refei\u00e7\u00e3o, e subsequente visita \u00e0 Quinta.<\/p>\n<p><strong>Ter em aten\u00e7\u00e3o as seguintes condi\u00e7\u00f5es:<\/strong><br \/>\nAntes de efectuar o pagamento, confirme por favor se o programa est\u00e1 dispon\u00edvel para o dia e hora que pretende.<\/p>\n<p>* Para 1 a 6 pessoas, introduza 1 (um programa) na caixa de di\u00e1logo.<br \/>\n* Para 7 ou mais pessoas, introduza na caixa de di\u00e1logo o n\u00famero de pessoas.<\/p>","protected":false},"featured_media":38753,"template":"","meta":[],"product_cat":[86],"product_tag":[],"aioseo_notices":[],"_links":{"self":[{"href":"https:\/\/quintadelouou.mabedesign.eu\/pt\/wp-json\/wp\/v2\/product\/39927"}],"collection":[{"href":"https:\/\/quintadelouou.mabedesign.eu\/pt\/wp-json\/wp\/v2\/product"}],"about":[{"href":"https:\/\/quintadelouou.mabedesign.eu\/pt\/wp-json\/wp\/v2\/types\/product"}],"wp:featuredmedia":[{"embeddable":true,"href":"https:\/\/quintadelouou.mabedesign.eu\/pt\/wp-json\/wp\/v2\/media\/38753"}],"wp:attachment":[{"href":"https:\/\/quintadelouou.mabedesign.eu\/pt\/wp-json\/wp\/v2\/media?parent=39927"}],"wp:term":[{"taxonomy":"product_cat","embeddable":true,"href":"https:\/\/quintadelouou.mabedesign.eu\/pt\/wp-json\/wp\/v2\/product_cat?post=39927"},{"taxonomy":"product_tag","embeddable":true,"href":"https:\/\/quintadelouou.mabedesign.eu\/pt\/wp-json\/wp\/v2\/product_tag?post=39927"}],"curies":[{"name":"wp","href":"https:\/\/api.w.org\/{rel}","templated":true}]}}