{"id":39967,"date":"2023-09-06T09:34:51","date_gmt":"2023-09-06T09:34:51","guid":{"rendered":"https:\/\/quintadelouou.mabedesign.eu\/?post_type=product&#038;p=39967"},"modified":"2023-09-06T10:23:46","modified_gmt":"2023-09-06T10:23:46","slug":"program-planting-a-tree-at-quinta-de-luou","status":"publish","type":"product","link":"https:\/\/quintadelouou.mabedesign.eu\/pt\/store\/program-planting-a-tree-at-quinta-de-luou\/","title":{"rendered":"Programa - plante uma \u00e1rvore na Quinta de Luou."},"content":{"rendered":"<p>Por marca\u00e7\u00e3o \u00e9 poss\u00edvel plantar uma \u00e1rvore na Quinta de Luou.<br \/>\nPode trazer uma \u00e1rvore ou solicitar que lhe forne\u00e7amos uma.<\/p>\n<p>As esp\u00e9cies a plantar ter\u00e3o de ser previamente aprovadas.<br \/>\nTemos ao seu dispor as seguintes esp\u00e9cies:<br \/>\ntax\u00f3dios, pinheiros mansos, magn\u00f3lias, cedros, cam\u00e9lias, \u00e1rvores de fruto ou de jardim e rododendros.<\/p>\n<p>Pre\u00e7o com fornecimento de \u00e1rvore - 150 \u20ac.<br \/>\nPre\u00e7o sem fornecimento de \u00e1rvore - 50 \u20ac.<\/p>\n<p>&nbsp;<\/p>","protected":false},"excerpt":{"rendered":"<p>Por marca\u00e7\u00e3o \u00e9 poss\u00edvel plantar uma \u00e1rvore na Quinta de Luou.<br \/>\nPode trazer uma \u00e1rvore ou solicitar que lhe forne\u00e7amos uma.<\/p>\n<p>As esp\u00e9cies a plantar ter\u00e3o de ser previamente aprovadas.<br \/>\nTemos ao seu dispor as seguintes esp\u00e9cies:<br \/>\ntax\u00f3dios, pinheiros mansos, magn\u00f3lias, cedros, cam\u00e9lias, \u00e1rvores de fruto ou de jardim e rododendros.<\/p>\n<p><strong>Ter em aten\u00e7\u00e3o as seguintes condi\u00e7\u00f5es:<\/strong><br \/>\nAntes de efectuar o pagamento, confirme por favor se o programa est\u00e1 dispon\u00edvel para o dia e hora que pretende.<\/p>\n<p>* \u2013 Pre\u00e7o com fornecimento de \u00e1rvore - 150 \u20ac.<br \/>\n* \u2013 Pre\u00e7o sem fornecimento de \u00e1rvore - 50 \u20ac.<\/p>","protected":false},"featured_media":39285,"template":"","meta":[],"product_cat":[86],"product_tag":[],"aioseo_notices":[],"_links":{"self":[{"href":"https:\/\/quintadelouou.mabedesign.eu\/pt\/wp-json\/wp\/v2\/product\/39967"}],"collection":[{"href":"https:\/\/quintadelouou.mabedesign.eu\/pt\/wp-json\/wp\/v2\/product"}],"about":[{"href":"https:\/\/quintadelouou.mabedesign.eu\/pt\/wp-json\/wp\/v2\/types\/product"}],"wp:featuredmedia":[{"embeddable":true,"href":"https:\/\/quintadelouou.mabedesign.eu\/pt\/wp-json\/wp\/v2\/media\/39285"}],"wp:attachment":[{"href":"https:\/\/quintadelouou.mabedesign.eu\/pt\/wp-json\/wp\/v2\/media?parent=39967"}],"wp:term":[{"taxonomy":"product_cat","embeddable":true,"href":"https:\/\/quintadelouou.mabedesign.eu\/pt\/wp-json\/wp\/v2\/product_cat?post=39967"},{"taxonomy":"product_tag","embeddable":true,"href":"https:\/\/quintadelouou.mabedesign.eu\/pt\/wp-json\/wp\/v2\/product_tag?post=39967"}],"curies":[{"name":"wp","href":"https:\/\/api.w.org\/{rel}","templated":true}]}}